{"id":1258,"date":"2026-05-10T07:01:05","date_gmt":"2026-05-10T05:01:05","guid":{"rendered":"https:\/\/www.tus-valmetal.de\/?page_id=1258"},"modified":"2026-05-10T15:43:57","modified_gmt":"2026-05-10T13:43:57","slug":"1258-2","status":"publish","type":"page","link":"https:\/\/www.tus-valmetal.de\/?page_id=1258","title":{"rendered":"Westernlauf"},"content":{"rendered":"<p>[et_pb_section fb_built=&#8220;1&#8243; next_background_color=&#8220;#000000&#8243; admin_label=&#8220;Header&#8220; _builder_version=&#8220;4.27.5&#8243; background_color=&#8220;#000000&#8243; use_background_color_gradient=&#8220;on&#8220; background_color_gradient_direction=&#8220;120deg&#8220; background_color_gradient_stops=&#8220;rgba(0,37,68,0.7) 60%|rgba(0,37,68,0.5) 60%&#8220; background_color_gradient_overlays_image=&#8220;on&#8220; background_color_gradient_start=&#8220;rgba(0,37,68,0.7)&#8220; background_color_gradient_start_position=&#8220;60%&#8220; background_color_gradient_end=&#8220;rgba(0,37,68,0.5)&#8220; background_color_gradient_end_position=&#8220;60%&#8220; background_image=&#8220;https:\/\/www.tus-valmetal.de\/wp-content\/uploads\/2026\/05\/PHOTO-2026-03-09-06-58-42-1080&#215;675-2.jpg&#8220; custom_padding=&#8220;5vw|0px|5vw|0px|true|false&#8220; filter_brightness=&#8220;101%&#8220; bottom_divider_style=&#8220;mountains2&#8243; bottom_divider_flip=&#8220;horizontal&#8220; global_colors_info=&#8220;{}&#8220;][et_pb_row _builder_version=&#8220;4.27.5&#8243; custom_width_px=&#8220;1280px&#8220; global_colors_info=&#8220;{}&#8220;][et_pb_column type=&#8220;4_4&#8243; _builder_version=&#8220;4.16&#8243; custom_padding=&#8220;|||&#8220; global_colors_info=&#8220;{}&#8220; custom_padding__hover=&#8220;|||&#8220;][et_pb_text _builder_version=&#8220;4.27.5&#8243; text_font=&#8220;Open Sans||||||||&#8220; text_font_size=&#8220;16px&#8220; text_line_height=&#8220;1.8em&#8220; header_font=&#8220;Squada One|||on|||||&#8220; header_font_size=&#8220;60px&#8220; header_letter_spacing=&#8220;1px&#8220; header_line_height=&#8220;1.1em&#8220; background_layout=&#8220;dark&#8220; max_width=&#8220;700px&#8220; animation_style=&#8220;fade&#8220; text_font_size_tablet=&#8220;&#8220; text_font_size_phone=&#8220;&#8220; text_font_size_last_edited=&#8220;on|desktop&#8220; text_line_height_tablet=&#8220;&#8220; text_line_height_phone=&#8220;&#8220; text_line_height_last_edited=&#8220;on|desktop&#8220; header_font_size_tablet=&#8220;&#8220; header_font_size_phone=&#8220;32px&#8220; header_font_size_last_edited=&#8220;on|phone&#8220; global_colors_info=&#8220;{}&#8220;]<\/p>\n<h1><span style=\"color: #ffff00;\">Westernlauf<\/span><\/h1>\n<p>Der FORT FUN Abenteuerlauf<\/p>\n<p>[\/et_pb_text][\/et_pb_column][\/et_pb_row][et_pb_row column_structure=&#8220;1_3,2_3&#8243; _builder_version=&#8220;4.18.0&#8243; _module_preset=&#8220;default&#8220; global_colors_info=&#8220;{}&#8220;][et_pb_column type=&#8220;1_3&#8243; _builder_version=&#8220;4.18.0&#8243; _module_preset=&#8220;default&#8220; global_colors_info=&#8220;{}&#8220;][et_pb_cta title=&#8220;Jetzt anmelden&#8220; button_url=&#8220;https:\/\/my.raceresult.com\/388066\/registration&#8220; url_new_window=&#8220;on&#8220; button_text=&#8220;zur Anmeldung&#8220; _builder_version=&#8220;4.27.5&#8243; _module_preset=&#8220;default&#8220; global_colors_info=&#8220;{}&#8220;]<\/p>\n<p>Hier gehts zur Anmeldung f\u00fcr 2026<\/p>\n<p>[\/et_pb_cta][\/et_pb_column][et_pb_column type=&#8220;2_3&#8243; _builder_version=&#8220;4.18.0&#8243; _module_preset=&#8220;default&#8220; global_colors_info=&#8220;{}&#8220;][et_pb_image src=&#8220;https:\/\/www.tus-valmetal.de\/wp-content\/uploads\/2026\/05\/PHOTO-2026-03-09-06-58-42-724&#215;1024-1.jpg&#8220; title_text=&#8220;PHOTO-2026-03-09-06-58-42-724&#215;1024&#8243; _builder_version=&#8220;4.27.5&#8243; _module_preset=&#8220;default&#8220; global_colors_info=&#8220;{}&#8220;][\/et_pb_image][\/et_pb_column][\/et_pb_row][\/et_pb_section][et_pb_section fb_built=&#8220;1&#8243; admin_label=&#8220;Announcement&#8220; _builder_version=&#8220;4.16&#8243; background_color=&#8220;#000000&#8243; custom_padding=&#8220;10px||10px||true&#8220; global_colors_info=&#8220;{}&#8220;][\/et_pb_section][et_pb_section fb_built=&#8220;1&#8243; admin_label=&#8220;About Us&#8220; _builder_version=&#8220;4.18.0&#8243; background_color=&#8220;#f4f4f4&#8243; global_colors_info=&#8220;{}&#8220;][et_pb_row column_structure=&#8220;3_5,2_5&#8243; _builder_version=&#8220;4.18.0&#8243; global_colors_info=&#8220;{}&#8220;][et_pb_column type=&#8220;3_5&#8243; _builder_version=&#8220;4.16&#8243; custom_padding=&#8220;|||&#8220; global_colors_info=&#8220;{}&#8220; custom_padding__hover=&#8220;|||&#8220;][et_pb_text _builder_version=&#8220;4.27.3&#8243; text_font=&#8220;Open Sans||||||||&#8220; text_line_height=&#8220;1.8em&#8220; header_font=&#8220;||||||||&#8220; header_2_font=&#8220;Squada One||||||||&#8220; header_2_font_size=&#8220;40px&#8220; custom_margin=&#8220;||0px|&#8220; custom_padding=&#8220;40px||40px||true|false&#8220; header_2_font_size_tablet=&#8220;35px&#8220; header_2_font_size_phone=&#8220;25px&#8220; header_2_font_size_last_edited=&#8220;on|desktop&#8220; border_color_all=&#8220;rgba(0,0,0,0)&#8220; border_width_top=&#8220;8px&#8220; global_colors_info=&#8220;{}&#8220; max_width__hover=&#8220;100%&#8220; max_width__hover_enabled=&#8220;100%&#8220; use_background_color_gradient__hover=&#8220;off&#8220; use_background_color_gradient__hover_enabled=&#8220;off&#8220; background_color_gradient_start__hover=&#8220;#2b87da&#8220; background_color_gradient_start__hover_enabled=&#8220;#2b87da&#8220; background_color_gradient_end__hover=&#8220;#29c4a9&#8243; background_color_gradient_end__hover_enabled=&#8220;#29c4a9&#8243; background_color_gradient_type__hover=&#8220;linear&#8220; background_color_gradient_type__hover_enabled=&#8220;linear&#8220; background_color_gradient_direction__hover=&#8220;180deg&#8220; background_color_gradient_direction__hover_enabled=&#8220;180deg&#8220; background_color_gradient_direction_radial__hover=&#8220;center&#8220; background_color_gradient_direction_radial__hover_enabled=&#8220;center&#8220; background_color_gradient_start_position__hover=&#8220;0%&#8220; background_color_gradient_start_position__hover_enabled=&#8220;0%&#8220; background_color_gradient_end_position__hover=&#8220;100%&#8220; background_color_gradient_end_position__hover_enabled=&#8220;100%&#8220; background_color_gradient_overlays_image__hover=&#8220;off&#8220; background_color_gradient_overlays_image__hover_enabled=&#8220;off&#8220; parallax__hover=&#8220;off&#8220; parallax__hover_enabled=&#8220;off&#8220; parallax_method__hover=&#8220;on&#8220; parallax_method__hover_enabled=&#8220;on&#8220; background_size__hover=&#8220;cover&#8220; background_size__hover_enabled=&#8220;cover&#8220; background_position__hover=&#8220;center&#8220; background_position__hover_enabled=&#8220;center&#8220; background_repeat__hover=&#8220;no-repeat&#8220; background_repeat__hover_enabled=&#8220;no-repeat&#8220; background_blend__hover=&#8220;normal&#8220; background_blend__hover_enabled=&#8220;normal&#8220; allow_player_pause__hover=&#8220;off&#8220; allow_player_pause__hover_enabled=&#8220;off&#8220; background_video_pause_outside_viewport__hover=&#8220;on&#8220; background_video_pause_outside_viewport__hover_enabled=&#8220;on&#8220; box_shadow_style__hover=&#8220;none&#8220; box_shadow_style__hover_enabled=&#8220;none&#8220; box_shadow_color__hover=&#8220;rgba(0,0,0,0.3)&#8220; box_shadow_color__hover_enabled=&#8220;rgba(0,0,0,0.3)&#8220; background_color_gradient_stops__hover=&#8220;#2b87da 0%|#29c4a9 100%&#8220;]<\/p>\n<h2>Der Westernlauf<\/h2>\n<p class=\"p1\">Der Westernlauf im Freizeitpark <span class=\"s1\">FORT FUN Abenteuerland<\/span> ist eine beliebte Laufveranstaltung des <span class=\"s1\">TuS Valmetal e.V.<\/span> f\u00fcr die ganze Familie. Die abwechslungsreichen Strecken f\u00fchren sowohl durch das Freizeitparkgel\u00e4nde als auch durch die reizvolle Sauerl\u00e4nder Waldlandschaft rund um Bestwig. Angeboten werden verschiedene Laufdistanzen f\u00fcr Kinder, Jugendliche und Erwachsene, sodass sowohl Freizeitl\u00e4ufer als auch ambitionierte Sportler passende Wettbewerbe finden. Ein besonderes Highlight: F\u00fcr alle Teilnehmenden ist der Eintritt in den Freizeitpark inklusive, sodass sportliche Herausforderung und gemeinsamer Freizeitspa\u00df perfekt miteinander verbunden werden.<\/p>\n<p>[\/et_pb_text][et_pb_text _builder_version=&#8220;4.27.3&#8243; text_font=&#8220;Open Sans||||||||&#8220; text_line_height=&#8220;1.8em&#8220; header_font=&#8220;||||||||&#8220; header_2_font=&#8220;Squada One||||||||&#8220; header_2_font_size=&#8220;40px&#8220; custom_margin=&#8220;||0px|&#8220; custom_padding=&#8220;40px||40px||true|false&#8220; header_2_font_size_tablet=&#8220;35px&#8220; header_2_font_size_phone=&#8220;25px&#8220; header_2_font_size_last_edited=&#8220;on|desktop&#8220; border_color_all=&#8220;rgba(0,0,0,0)&#8220; border_width_top=&#8220;8px&#8220; global_colors_info=&#8220;{}&#8220; max_width__hover=&#8220;100%&#8220; max_width__hover_enabled=&#8220;100%&#8220; use_background_color_gradient__hover=&#8220;off&#8220; use_background_color_gradient__hover_enabled=&#8220;off&#8220; background_color_gradient_start__hover=&#8220;#2b87da&#8220; background_color_gradient_start__hover_enabled=&#8220;#2b87da&#8220; background_color_gradient_end__hover=&#8220;#29c4a9&#8243; background_color_gradient_end__hover_enabled=&#8220;#29c4a9&#8243; background_color_gradient_type__hover=&#8220;linear&#8220; background_color_gradient_type__hover_enabled=&#8220;linear&#8220; background_color_gradient_direction__hover=&#8220;180deg&#8220; background_color_gradient_direction__hover_enabled=&#8220;180deg&#8220; background_color_gradient_direction_radial__hover=&#8220;center&#8220; background_color_gradient_direction_radial__hover_enabled=&#8220;center&#8220; background_color_gradient_start_position__hover=&#8220;0%&#8220; background_color_gradient_start_position__hover_enabled=&#8220;0%&#8220; background_color_gradient_end_position__hover=&#8220;100%&#8220; background_color_gradient_end_position__hover_enabled=&#8220;100%&#8220; background_color_gradient_overlays_image__hover=&#8220;off&#8220; background_color_gradient_overlays_image__hover_enabled=&#8220;off&#8220; parallax__hover=&#8220;off&#8220; parallax__hover_enabled=&#8220;off&#8220; parallax_method__hover=&#8220;on&#8220; parallax_method__hover_enabled=&#8220;on&#8220; background_size__hover=&#8220;cover&#8220; background_size__hover_enabled=&#8220;cover&#8220; background_position__hover=&#8220;center&#8220; background_position__hover_enabled=&#8220;center&#8220; background_repeat__hover=&#8220;no-repeat&#8220; background_repeat__hover_enabled=&#8220;no-repeat&#8220; background_blend__hover=&#8220;normal&#8220; background_blend__hover_enabled=&#8220;normal&#8220; allow_player_pause__hover=&#8220;off&#8220; allow_player_pause__hover_enabled=&#8220;off&#8220; background_video_pause_outside_viewport__hover=&#8220;on&#8220; background_video_pause_outside_viewport__hover_enabled=&#8220;on&#8220; box_shadow_style__hover=&#8220;none&#8220; box_shadow_style__hover_enabled=&#8220;none&#8220; box_shadow_color__hover=&#8220;rgba(0,0,0,0.3)&#8220; box_shadow_color__hover_enabled=&#8220;rgba(0,0,0,0.3)&#8220; background_color_gradient_stops__hover=&#8220;#2b87da 0%|#29c4a9 100%&#8220;]<\/p>\n<h2>Die Strecken 2026<\/h2>\n<p>Hier findet ihr Informationen rund um die Strecken der L\u00e4ufe des Westernlaufs 2026.<\/p>\n<p>&nbsp;<\/p>\n<ul>\n<li>Old Mc Donald\u2019s Lauf, 550m <a href=\"https:\/\/www.komoot.com\/de-de\/tour\/2825070418\">https:\/\/www.komoot.com\/de-de\/tour\/2825070418<\/a><\/li>\n<li>Funny Fux Lauf, 1350m <a href=\"https:\/\/www.komoot.com\/de-de\/tour\/2696274009\">https:\/\/www.komoot.com\/de-de\/tour\/2696274009<\/a><\/li>\n<li>Goldgr\u00e4ber Lauf, 2700m, 2x folgende Strecke <a href=\"https:\/\/www.komoot.com\/de-de\/tour\/2696274009\">https:\/\/www.komoot.com\/de-de\/tour\/2696274009<\/a><\/li>\n<li>Abenteuerlauf, 2700m, 2x folgende Strecke <a href=\"https:\/\/www.komoot.com\/de-de\/tour\/2696274009\">https:\/\/www.komoot.com\/de-de\/tour\/2696274009<\/a><\/li>\n<li>Trapperlauf, 2700m, 2x folgende Strecke <a href=\"https:\/\/www.komoot.com\/de-de\/tour\/2696274009\">https:\/\/www.komoot.com\/de-de\/tour\/2696274009<\/a><\/li>\n<li>Wildwestlauf, 10.000m, 3x diese Strecke <a href=\"https:\/\/www.komoot.com\/de-de\/tour\/2825157655\">https:\/\/www.komoot.com\/de-de\/tour\/2825157655<\/a><\/li>\n<li>Golden Nugget Lauf, in etwa <a href=\"https:\/\/www.komoot.com\/de-de\/tour\/2845127620?ref=itd&amp;share_token=amncf5pZAI47LZpkPsX0To3mNiUTKEk60sqXZBxFukE86wg8u6\">https:\/\/www.komoot.com\/de-de\/tour\/2845127620?ref=itd&amp;share_token=amncf5pZAI47LZpkPsX0To3mNiUTKEk60sqXZBxFukE86wg8u6<\/a><\/li>\n<\/ul>\n<p>[\/et_pb_text][\/et_pb_column][et_pb_column type=&#8220;2_5&#8243; _builder_version=&#8220;4.16&#8243; custom_padding=&#8220;|||&#8220; global_colors_info=&#8220;{}&#8220; custom_padding__hover=&#8220;|||&#8220;][et_pb_text _builder_version=&#8220;4.27.5&#8243; _module_preset=&#8220;default&#8220; background_color=&#8220;RGBA(255,255,255,0)&#8220; global_colors_info=&#8220;{}&#8220;]<\/p>\n<h1>Ergebnisse von 2025<\/h1>\n<p>[\/et_pb_text][et_pb_button button_url=&#8220;https:\/\/my.raceresult.com\/335019\/results&#8220; url_new_window=&#8220;on&#8220; button_text=&#8220;Hier anschauen&#8220; _builder_version=&#8220;4.27.5&#8243; _module_preset=&#8220;default&#8220; global_colors_info=&#8220;{}&#8220;][\/et_pb_button][et_pb_text _builder_version=&#8220;4.27.5&#8243; _module_preset=&#8220;default&#8220; background_color=&#8220;RGBA(255,255,255,0)&#8220; hover_enabled=&#8220;0&#8243; global_colors_info=&#8220;{}&#8220; sticky_enabled=&#8220;0&#8243;]<\/p>\n<h1>Flyer<\/h1>\n<p>[\/et_pb_text][et_pb_button button_url=&#8220;https:\/\/www.tus-valmetal.de\/wp-content\/uploads\/2026\/05\/Flyer_Westernlauf_FFA26_Voschau_2.pdf&#8220; url_new_window=&#8220;on&#8220; button_text=&#8220;Herunterladen&#8220; _builder_version=&#8220;4.27.5&#8243; _module_preset=&#8220;default&#8220; hover_enabled=&#8220;0&#8243; global_colors_info=&#8220;{}&#8220; sticky_enabled=&#8220;0&#8243;][\/et_pb_button][et_pb_text _builder_version=&#8220;4.18.0&#8243; _module_preset=&#8220;default&#8220; background_color=&#8220;RGBA(255,255,255,0)&#8220; global_colors_info=&#8220;{}&#8220;]<\/p>\n<h1>Ansprechpartner<\/h1>\n<p>[\/et_pb_text][et_pb_team_member name=&#8220;Christine Schirrey&#8220; position=&#8220;Ansprechpartner Westernlauf&#8220; image_url=&#8220;https:\/\/neu.tus-valmetal.de\/wp-content\/uploads\/2022\/10\/Bildschirmfoto-2022-10-13-um-20.30.16-e1665685863193.png&#8220; _builder_version=&#8220;4.27.5&#8243; _module_preset=&#8220;default&#8220; global_colors_info=&#8220;{}&#8220;]<\/p>\n<p><a href=\"mailto:westernlauf@tus-valmetal.de\">westernlauf@tus-valmetal.de<\/a><\/p>\n<p>[\/et_pb_team_member][\/et_pb_column][\/et_pb_row][et_pb_row _builder_version=&#8220;4.27.5&#8243; _module_preset=&#8220;default&#8220; global_colors_info=&#8220;{}&#8220;][et_pb_column type=&#8220;4_4&#8243; _builder_version=&#8220;4.27.5&#8243; _module_preset=&#8220;default&#8220; global_colors_info=&#8220;{}&#8220;][et_pb_image src=&#8220;https:\/\/www.tus-valmetal.de\/wp-content\/uploads\/2026\/05\/0e53cdbf-05e9-4ed9-8d7c-7b79a8927d6b-576&#215;1024-1.jpg&#8220; title_text=&#8220;0e53cdbf-05e9-4ed9-8d7c-7b79a8927d6b-576&#215;1024&#8243; _builder_version=&#8220;4.27.5&#8243; _module_preset=&#8220;default&#8220; global_colors_info=&#8220;{}&#8220;][\/et_pb_image][\/et_pb_column][\/et_pb_row][\/et_pb_section][et_pb_section fb_built=&#8220;1&#8243; _builder_version=&#8220;4.27.5&#8243; _module_preset=&#8220;default&#8220; global_colors_info=&#8220;{}&#8220;][et_pb_row _builder_version=&#8220;4.27.5&#8243; _module_preset=&#8220;default&#8220; global_colors_info=&#8220;{}&#8220;][et_pb_column type=&#8220;4_4&#8243; _builder_version=&#8220;4.27.5&#8243; _module_preset=&#8220;default&#8220; global_colors_info=&#8220;{}&#8220;][\/et_pb_column][\/et_pb_row][\/et_pb_section]<\/p>\n","protected":false},"excerpt":{"rendered":"<p>Westernlauf Der FORT FUN AbenteuerlaufHier gehts zur Anmeldung f\u00fcr 2026Der Westernlauf Der Westernlauf im Freizeitpark FORT FUN Abenteuerland ist eine beliebte Laufveranstaltung des TuS Valmetal e.V. f\u00fcr die ganze Familie. [&hellip;]<\/p>\n","protected":false},"author":1,"featured_media":0,"parent":0,"menu_order":0,"comment_status":"closed","ping_status":"closed","template":"","meta":{"_et_pb_use_builder":"on","_et_pb_old_content":"","_et_gb_content_width":"","_EventAllDay":false,"_EventTimezone":"","_EventStartDate":"","_EventEndDate":"","_EventStartDateUTC":"","_EventEndDateUTC":"","_EventShowMap":false,"_EventShowMapLink":false,"_EventURL":"","_EventCost":"","_EventCostDescription":"","_EventCurrencySymbol":"","_EventCurrencyCode":"","_EventCurrencyPosition":"","_EventDateTimeSeparator":"","_EventTimeRangeSeparator":"","_EventOrganizerID":[],"_EventVenueID":[],"_OrganizerEmail":"","_OrganizerPhone":"","_OrganizerWebsite":"","_VenueAddress":"","_VenueCity":"","_VenueCountry":"","_VenueProvince":"","_VenueState":"","_VenueZip":"","_VenuePhone":"","_VenueURL":"","_VenueStateProvince":"","_VenueLat":"","_VenueLng":"","_VenueShowMap":false,"_VenueShowMapLink":false,"footnotes":""},"class_list":["post-1258","page","type-page","status-publish","hentry"],"_links":{"self":[{"href":"https:\/\/www.tus-valmetal.de\/index.php?rest_route=\/wp\/v2\/pages\/1258","targetHints":{"allow":["GET"]}}],"collection":[{"href":"https:\/\/www.tus-valmetal.de\/index.php?rest_route=\/wp\/v2\/pages"}],"about":[{"href":"https:\/\/www.tus-valmetal.de\/index.php?rest_route=\/wp\/v2\/types\/page"}],"author":[{"embeddable":true,"href":"https:\/\/www.tus-valmetal.de\/index.php?rest_route=\/wp\/v2\/users\/1"}],"replies":[{"embeddable":true,"href":"https:\/\/www.tus-valmetal.de\/index.php?rest_route=%2Fwp%2Fv2%2Fcomments&post=1258"}],"version-history":[{"count":10,"href":"https:\/\/www.tus-valmetal.de\/index.php?rest_route=\/wp\/v2\/pages\/1258\/revisions"}],"predecessor-version":[{"id":1281,"href":"https:\/\/www.tus-valmetal.de\/index.php?rest_route=\/wp\/v2\/pages\/1258\/revisions\/1281"}],"wp:attachment":[{"href":"https:\/\/www.tus-valmetal.de\/index.php?rest_route=%2Fwp%2Fv2%2Fmedia&parent=1258"}],"curies":[{"name":"wp","href":"https:\/\/api.w.org\/{rel}","templated":true}]}}